{"id":10132,"date":"2022-09-30T13:49:14","date_gmt":"2022-09-30T11:49:14","guid":{"rendered":"https:\/\/www.fampa-valencia.org\/?page_id=10132\/"},"modified":"2022-09-30T13:49:15","modified_gmt":"2022-09-30T11:49:15","slug":"participacion-en-los-consejos-escolares","status":"publish","type":"page","link":"https:\/\/www.fampa-valencia.org\/es\/participacion-en-los-consejos-escolares\/","title":{"rendered":"Participaci\u00f3n en los consejos escolares"},"content":{"rendered":"\n<p>El consejo escolar de centro es el \u00f3rgano colegiado de gobierno a trav\u00e9s del cual se garantiza la participaci\u00f3n de los diferentes sectores que constituyen la comunidad educativa. Actualmente la participaci\u00f3n se regula a trav\u00e9s de los Reglamentos de Organizaci\u00f3n y Funcionamiento de los Centros Docentes ( ROF)<\/p>\n\n\n\n<p>\u2022 Constituci\u00f3n y composici\u00f3n del Consejo Escolar. Renovaci\u00f3n de los y las representantes de madres y padres en el Consejo Escolar.<\/p>\n\n\n\n<p>\u2022 Candidaturas. Procedimiento de elecciones. Normativa. Desarrollo del proceso electoral.<\/p>\n\n\n\n<p>\u2022 Junta electoral. Atribuciones<\/p>\n\n\n\n<p>\u2022 Estrategias para potenciar la participaci\u00f3n.<\/p>\n\n\n\n<p>\u2022 Competencias y din\u00e1mica de trabajo dentro del Consell Escolar. Comisiones de trabajo donde pueden participar las familias.<\/p>\n","protected":false},"excerpt":{"rendered":"<p>El consejo escolar de centro es el \u00f3rgano colegiado de gobierno a trav\u00e9s del cual se garantiza la participaci\u00f3n de los diferentes sectores que constituyen la [&hellip;]<\/p>\n","protected":false},"author":5,"featured_media":0,"parent":0,"menu_order":0,"comment_status":"closed","ping_status":"closed","template":"","meta":[],"yoast_head":"<!-- This site is optimized with the Yoast SEO plugin v19.2 - https:\/\/yoast.com\/wordpress\/plugins\/seo\/ -->\n<title>Participaci\u00f3n en los consejos escolares | FAMPA Val\u00e8ncia<\/title>\n<meta name=\"robots\" content=\"index, follow, max-snippet:-1, max-image-preview:large, max-video-preview:-1\" \/>\n<link rel=\"canonical\" href=\"https:\/\/www.fampa-valencia.org\/es\/participacion-en-los-consejos-escolares\/\" \/>\n<meta property=\"og:locale\" content=\"es_ES\" \/>\n<meta property=\"og:type\" content=\"article\" \/>\n<meta property=\"og:title\" content=\"Participaci\u00f3n en los consejos escolares | FAMPA Val\u00e8ncia\" \/>\n<meta property=\"og:description\" content=\"El consejo escolar de centro es el \u00f3rgano colegiado de gobierno a trav\u00e9s del cual se garantiza la participaci\u00f3n de los diferentes sectores que constituyen la [&hellip;]\" \/>\n<meta property=\"og:url\" content=\"https:\/\/www.fampa-valencia.org\/es\/participacion-en-los-consejos-escolares\/\" \/>\n<meta property=\"og:site_name\" content=\"FAMPA Val\u00e8ncia\" \/>\n<meta property=\"article:publisher\" content=\"https:\/\/www.facebook.com\/fapa.valencia\/?fref=ts\" \/>\n<meta property=\"article:modified_time\" content=\"2022-09-30T11:49:15+00:00\" \/>\n<meta name=\"author\" content=\"FAMPA Val\u00e8ncia\" \/>\n<meta name=\"twitter:card\" content=\"summary\" \/>\n<meta name=\"twitter:site\" content=\"@FAPAValencia\" \/>\n<meta name=\"twitter:label1\" content=\"Tiempo de lectura\" \/>\n\t<meta name=\"twitter:data1\" content=\"1 minuto\" \/>\n<script type=\"application\/ld+json\" class=\"yoast-schema-graph\">{\"@context\":\"https:\/\/schema.org\",\"@graph\":[{\"@type\":\"WebSite\",\"@id\":\"https:\/\/www.fampa-valencia.org\/#website\",\"url\":\"https:\/\/www.fampa-valencia.org\/\",\"name\":\"FAMPA Val\u00e8ncia\",\"description\":\"Fampa-Valencia. Federaci\u00f3n de Asociaciones de Padres i Madres de Alumnos Provincia de Valencia\",\"potentialAction\":[{\"@type\":\"SearchAction\",\"target\":{\"@type\":\"EntryPoint\",\"urlTemplate\":\"https:\/\/www.fampa-valencia.org\/?s={search_term_string}\"},\"query-input\":\"required name=search_term_string\"}],\"inLanguage\":\"es\"},{\"@type\":\"WebPage\",\"@id\":\"https:\/\/www.fampa-valencia.org\/es\/participacion-en-los-consejos-escolares\/#webpage\",\"url\":\"https:\/\/www.fampa-valencia.org\/es\/participacion-en-los-consejos-escolares\/\",\"name\":\"Participaci\u00f3n en los consejos escolares | FAMPA Val\u00e8ncia\",\"isPartOf\":{\"@id\":\"https:\/\/www.fampa-valencia.org\/#website\"},\"datePublished\":\"2022-09-30T11:49:14+00:00\",\"dateModified\":\"2022-09-30T11:49:15+00:00\",\"breadcrumb\":{\"@id\":\"https:\/\/www.fampa-valencia.org\/es\/participacion-en-los-consejos-escolares\/#breadcrumb\"},\"inLanguage\":\"es\",\"potentialAction\":[{\"@type\":\"ReadAction\",\"target\":[\"https:\/\/www.fampa-valencia.org\/es\/participacion-en-los-consejos-escolares\/\"]}]},{\"@type\":\"BreadcrumbList\",\"@id\":\"https:\/\/www.fampa-valencia.org\/es\/participacion-en-los-consejos-escolares\/#breadcrumb\",\"itemListElement\":[{\"@type\":\"ListItem\",\"position\":1,\"name\":\"Inici\",\"item\":\"https:\/\/www.fampa-valencia.org\/es\/\"},{\"@type\":\"ListItem\",\"position\":2,\"name\":\"Participaci\u00f3n en los consejos escolares\"}]}]}<\/script>\n<!-- \/ Yoast SEO plugin. -->","yoast_head_json":{"title":"Participaci\u00f3n en los consejos escolares | FAMPA Val\u00e8ncia","robots":{"index":"index","follow":"follow","max-snippet":"max-snippet:-1","max-image-preview":"max-image-preview:large","max-video-preview":"max-video-preview:-1"},"canonical":"https:\/\/www.fampa-valencia.org\/es\/participacion-en-los-consejos-escolares\/","og_locale":"es_ES","og_type":"article","og_title":"Participaci\u00f3n en los consejos escolares | FAMPA Val\u00e8ncia","og_description":"El consejo escolar de centro es el \u00f3rgano colegiado de gobierno a trav\u00e9s del cual se garantiza la participaci\u00f3n de los diferentes sectores que constituyen la [&hellip;]","og_url":"https:\/\/www.fampa-valencia.org\/es\/participacion-en-los-consejos-escolares\/","og_site_name":"FAMPA Val\u00e8ncia","article_publisher":"https:\/\/www.facebook.com\/fapa.valencia\/?fref=ts","article_modified_time":"2022-09-30T11:49:15+00:00","author":"FAMPA Val\u00e8ncia","twitter_card":"summary","twitter_site":"@FAPAValencia","twitter_misc":{"Tiempo de lectura":"1 minuto"},"schema":{"@context":"https:\/\/schema.org","@graph":[{"@type":"WebSite","@id":"https:\/\/www.fampa-valencia.org\/#website","url":"https:\/\/www.fampa-valencia.org\/","name":"FAMPA Val\u00e8ncia","description":"Fampa-Valencia. Federaci\u00f3n de Asociaciones de Padres i Madres de Alumnos Provincia de Valencia","potentialAction":[{"@type":"SearchAction","target":{"@type":"EntryPoint","urlTemplate":"https:\/\/www.fampa-valencia.org\/?s={search_term_string}"},"query-input":"required name=search_term_string"}],"inLanguage":"es"},{"@type":"WebPage","@id":"https:\/\/www.fampa-valencia.org\/es\/participacion-en-los-consejos-escolares\/#webpage","url":"https:\/\/www.fampa-valencia.org\/es\/participacion-en-los-consejos-escolares\/","name":"Participaci\u00f3n en los consejos escolares | FAMPA Val\u00e8ncia","isPartOf":{"@id":"https:\/\/www.fampa-valencia.org\/#website"},"datePublished":"2022-09-30T11:49:14+00:00","dateModified":"2022-09-30T11:49:15+00:00","breadcrumb":{"@id":"https:\/\/www.fampa-valencia.org\/es\/participacion-en-los-consejos-escolares\/#breadcrumb"},"inLanguage":"es","potentialAction":[{"@type":"ReadAction","target":["https:\/\/www.fampa-valencia.org\/es\/participacion-en-los-consejos-escolares\/"]}]},{"@type":"BreadcrumbList","@id":"https:\/\/www.fampa-valencia.org\/es\/participacion-en-los-consejos-escolares\/#breadcrumb","itemListElement":[{"@type":"ListItem","position":1,"name":"Inici","item":"https:\/\/www.fampa-valencia.org\/es\/"},{"@type":"ListItem","position":2,"name":"Participaci\u00f3n en los consejos escolares"}]}]}},"_links":{"self":[{"href":"https:\/\/www.fampa-valencia.org\/es\/wp-json\/wp\/v2\/pages\/10132"}],"collection":[{"href":"https:\/\/www.fampa-valencia.org\/es\/wp-json\/wp\/v2\/pages"}],"about":[{"href":"https:\/\/www.fampa-valencia.org\/es\/wp-json\/wp\/v2\/types\/page"}],"author":[{"embeddable":true,"href":"https:\/\/www.fampa-valencia.org\/es\/wp-json\/wp\/v2\/users\/5"}],"replies":[{"embeddable":true,"href":"https:\/\/www.fampa-valencia.org\/es\/wp-json\/wp\/v2\/comments?post=10132"}],"version-history":[{"count":1,"href":"https:\/\/www.fampa-valencia.org\/es\/wp-json\/wp\/v2\/pages\/10132\/revisions"}],"predecessor-version":[{"id":10133,"href":"https:\/\/www.fampa-valencia.org\/es\/wp-json\/wp\/v2\/pages\/10132\/revisions\/10133"}],"wp:attachment":[{"href":"https:\/\/www.fampa-valencia.org\/es\/wp-json\/wp\/v2\/media?parent=10132"}],"curies":[{"name":"wp","href":"https:\/\/api.w.org\/{rel}","templated":true}]}}