{"id":10138,"date":"2022-10-03T11:59:55","date_gmt":"2022-10-03T09:59:55","guid":{"rendered":"https:\/\/www.fampa-valencia.org\/?page_id=10138\/"},"modified":"2024-09-16T14:51:49","modified_gmt":"2024-09-16T12:51:49","slug":"entornos-escolares-seguros-agradables-y-sostenibles","status":"publish","type":"page","link":"https:\/\/www.fampa-valencia.org\/es\/entornos-escolares-seguros-agradables-y-sostenibles\/","title":{"rendered":"Curso pr\u00e1ctico: Herramientas para un uso responsable de Internet en familia"},"content":{"rendered":"\n<p>En este taller, exploraremos c\u00f3mo prevenir riesgos en plataformas populares como WhatsApp, Instagram, TikTok y YouTube, as\u00ed como en el uso de la Inteligencia Artificial. Aprenderemos a identificar y gestionar los peligros asociados con el intercambio de mensajes y contenido en estas redes, y a configurar ajustes de privacidad y seguridad para proteger a nuestras familias, a trav\u00e9s de nuestros propios dispositivos.<\/p>\n","protected":false},"excerpt":{"rendered":"<p>En este taller, exploraremos c\u00f3mo prevenir riesgos en plataformas populares como WhatsApp, Instagram, TikTok y YouTube, as\u00ed como en el uso de la Inteligencia Artificial. Aprenderemos [&hellip;]<\/p>\n","protected":false},"author":5,"featured_media":0,"parent":0,"menu_order":0,"comment_status":"closed","ping_status":"closed","template":"","meta":[],"yoast_head":"<!-- This site is optimized with the Yoast SEO plugin v19.2 - https:\/\/yoast.com\/wordpress\/plugins\/seo\/ -->\n<title>Curso pr\u00e1ctico: Herramientas para un uso responsable de Internet en familia | FAMPA Val\u00e8ncia<\/title>\n<meta name=\"robots\" content=\"index, follow, max-snippet:-1, max-image-preview:large, max-video-preview:-1\" \/>\n<link rel=\"canonical\" href=\"https:\/\/www.fampa-valencia.org\/es\/entornos-escolares-seguros-agradables-y-sostenibles\/\" \/>\n<meta property=\"og:locale\" content=\"es_ES\" \/>\n<meta property=\"og:type\" content=\"article\" \/>\n<meta property=\"og:title\" content=\"Curso pr\u00e1ctico: Herramientas para un uso responsable de Internet en familia | FAMPA Val\u00e8ncia\" \/>\n<meta property=\"og:description\" content=\"En este taller, exploraremos c\u00f3mo prevenir riesgos en plataformas populares como WhatsApp, Instagram, TikTok y YouTube, as\u00ed como en el uso de la Inteligencia Artificial. Aprenderemos [&hellip;]\" \/>\n<meta property=\"og:url\" content=\"https:\/\/www.fampa-valencia.org\/es\/entornos-escolares-seguros-agradables-y-sostenibles\/\" \/>\n<meta property=\"og:site_name\" content=\"FAMPA Val\u00e8ncia\" \/>\n<meta property=\"article:publisher\" content=\"https:\/\/www.facebook.com\/fapa.valencia\/?fref=ts\" \/>\n<meta property=\"article:modified_time\" content=\"2024-09-16T12:51:49+00:00\" \/>\n<meta name=\"author\" content=\"FAMPA Val\u00e8ncia\" \/>\n<meta name=\"twitter:card\" content=\"summary\" \/>\n<meta name=\"twitter:site\" content=\"@FAPAValencia\" \/>\n<meta name=\"twitter:label1\" content=\"Tiempo de lectura\" \/>\n\t<meta name=\"twitter:data1\" content=\"1 minuto\" \/>\n<script type=\"application\/ld+json\" class=\"yoast-schema-graph\">{\"@context\":\"https:\/\/schema.org\",\"@graph\":[{\"@type\":\"WebSite\",\"@id\":\"https:\/\/www.fampa-valencia.org\/#website\",\"url\":\"https:\/\/www.fampa-valencia.org\/\",\"name\":\"FAMPA Val\u00e8ncia\",\"description\":\"Fampa-Valencia. Federaci\u00f3n de Asociaciones de Padres i Madres de Alumnos Provincia de Valencia\",\"potentialAction\":[{\"@type\":\"SearchAction\",\"target\":{\"@type\":\"EntryPoint\",\"urlTemplate\":\"https:\/\/www.fampa-valencia.org\/?s={search_term_string}\"},\"query-input\":\"required name=search_term_string\"}],\"inLanguage\":\"es\"},{\"@type\":\"WebPage\",\"@id\":\"https:\/\/www.fampa-valencia.org\/es\/entornos-escolares-seguros-agradables-y-sostenibles\/#webpage\",\"url\":\"https:\/\/www.fampa-valencia.org\/es\/entornos-escolares-seguros-agradables-y-sostenibles\/\",\"name\":\"Curso pr\u00e1ctico: Herramientas para un uso responsable de Internet en familia | FAMPA Val\u00e8ncia\",\"isPartOf\":{\"@id\":\"https:\/\/www.fampa-valencia.org\/#website\"},\"datePublished\":\"2022-10-03T09:59:55+00:00\",\"dateModified\":\"2024-09-16T12:51:49+00:00\",\"breadcrumb\":{\"@id\":\"https:\/\/www.fampa-valencia.org\/es\/entornos-escolares-seguros-agradables-y-sostenibles\/#breadcrumb\"},\"inLanguage\":\"es\",\"potentialAction\":[{\"@type\":\"ReadAction\",\"target\":[\"https:\/\/www.fampa-valencia.org\/es\/entornos-escolares-seguros-agradables-y-sostenibles\/\"]}]},{\"@type\":\"BreadcrumbList\",\"@id\":\"https:\/\/www.fampa-valencia.org\/es\/entornos-escolares-seguros-agradables-y-sostenibles\/#breadcrumb\",\"itemListElement\":[{\"@type\":\"ListItem\",\"position\":1,\"name\":\"Inici\",\"item\":\"https:\/\/www.fampa-valencia.org\/es\/\"},{\"@type\":\"ListItem\",\"position\":2,\"name\":\"Curso pr\u00e1ctico: Herramientas para un uso responsable de Internet en familia\"}]}]}<\/script>\n<!-- \/ Yoast SEO plugin. -->","yoast_head_json":{"title":"Curso pr\u00e1ctico: Herramientas para un uso responsable de Internet en familia | FAMPA Val\u00e8ncia","robots":{"index":"index","follow":"follow","max-snippet":"max-snippet:-1","max-image-preview":"max-image-preview:large","max-video-preview":"max-video-preview:-1"},"canonical":"https:\/\/www.fampa-valencia.org\/es\/entornos-escolares-seguros-agradables-y-sostenibles\/","og_locale":"es_ES","og_type":"article","og_title":"Curso pr\u00e1ctico: Herramientas para un uso responsable de Internet en familia | FAMPA Val\u00e8ncia","og_description":"En este taller, exploraremos c\u00f3mo prevenir riesgos en plataformas populares como WhatsApp, Instagram, TikTok y YouTube, as\u00ed como en el uso de la Inteligencia Artificial. Aprenderemos [&hellip;]","og_url":"https:\/\/www.fampa-valencia.org\/es\/entornos-escolares-seguros-agradables-y-sostenibles\/","og_site_name":"FAMPA Val\u00e8ncia","article_publisher":"https:\/\/www.facebook.com\/fapa.valencia\/?fref=ts","article_modified_time":"2024-09-16T12:51:49+00:00","author":"FAMPA Val\u00e8ncia","twitter_card":"summary","twitter_site":"@FAPAValencia","twitter_misc":{"Tiempo de lectura":"1 minuto"},"schema":{"@context":"https:\/\/schema.org","@graph":[{"@type":"WebSite","@id":"https:\/\/www.fampa-valencia.org\/#website","url":"https:\/\/www.fampa-valencia.org\/","name":"FAMPA Val\u00e8ncia","description":"Fampa-Valencia. Federaci\u00f3n de Asociaciones de Padres i Madres de Alumnos Provincia de Valencia","potentialAction":[{"@type":"SearchAction","target":{"@type":"EntryPoint","urlTemplate":"https:\/\/www.fampa-valencia.org\/?s={search_term_string}"},"query-input":"required name=search_term_string"}],"inLanguage":"es"},{"@type":"WebPage","@id":"https:\/\/www.fampa-valencia.org\/es\/entornos-escolares-seguros-agradables-y-sostenibles\/#webpage","url":"https:\/\/www.fampa-valencia.org\/es\/entornos-escolares-seguros-agradables-y-sostenibles\/","name":"Curso pr\u00e1ctico: Herramientas para un uso responsable de Internet en familia | FAMPA Val\u00e8ncia","isPartOf":{"@id":"https:\/\/www.fampa-valencia.org\/#website"},"datePublished":"2022-10-03T09:59:55+00:00","dateModified":"2024-09-16T12:51:49+00:00","breadcrumb":{"@id":"https:\/\/www.fampa-valencia.org\/es\/entornos-escolares-seguros-agradables-y-sostenibles\/#breadcrumb"},"inLanguage":"es","potentialAction":[{"@type":"ReadAction","target":["https:\/\/www.fampa-valencia.org\/es\/entornos-escolares-seguros-agradables-y-sostenibles\/"]}]},{"@type":"BreadcrumbList","@id":"https:\/\/www.fampa-valencia.org\/es\/entornos-escolares-seguros-agradables-y-sostenibles\/#breadcrumb","itemListElement":[{"@type":"ListItem","position":1,"name":"Inici","item":"https:\/\/www.fampa-valencia.org\/es\/"},{"@type":"ListItem","position":2,"name":"Curso pr\u00e1ctico: Herramientas para un uso responsable de Internet en familia"}]}]}},"_links":{"self":[{"href":"https:\/\/www.fampa-valencia.org\/es\/wp-json\/wp\/v2\/pages\/10138"}],"collection":[{"href":"https:\/\/www.fampa-valencia.org\/es\/wp-json\/wp\/v2\/pages"}],"about":[{"href":"https:\/\/www.fampa-valencia.org\/es\/wp-json\/wp\/v2\/types\/page"}],"author":[{"embeddable":true,"href":"https:\/\/www.fampa-valencia.org\/es\/wp-json\/wp\/v2\/users\/5"}],"replies":[{"embeddable":true,"href":"https:\/\/www.fampa-valencia.org\/es\/wp-json\/wp\/v2\/comments?post=10138"}],"version-history":[{"count":3,"href":"https:\/\/www.fampa-valencia.org\/es\/wp-json\/wp\/v2\/pages\/10138\/revisions"}],"predecessor-version":[{"id":12277,"href":"https:\/\/www.fampa-valencia.org\/es\/wp-json\/wp\/v2\/pages\/10138\/revisions\/12277"}],"wp:attachment":[{"href":"https:\/\/www.fampa-valencia.org\/es\/wp-json\/wp\/v2\/media?parent=10138"}],"curies":[{"name":"wp","href":"https:\/\/api.w.org\/{rel}","templated":true}]}}