{"id":10140,"date":"2022-10-03T12:02:50","date_gmt":"2022-10-03T10:02:50","guid":{"rendered":"https:\/\/www.fampa-valencia.org\/?page_id=10140\/"},"modified":"2025-12-02T11:13:12","modified_gmt":"2025-12-02T10:13:12","slug":"importancia-de-la-educacion-infantil","status":"publish","type":"page","link":"https:\/\/www.fampa-valencia.org\/es\/importancia-de-la-educacion-infantil\/","title":{"rendered":"Primeros Auxilios"},"content":{"rendered":"\n<ul><li>Emergencias 112.<\/li><li>Que es una RCP\u00a0 ( reanimaci\u00f3n cardio pulmonar) y practicas con el mu\u00f1eco.<\/li><li>Se tratar\u00e1n temas tan importantes como el s\u00edncope, desmayos, convulsiones, maniobra de atragantamiento en lactantes, ni\u00f1os y adultos (maniobra de Heimlich).<\/li><li>Heridas y hemorragias.<\/li><li>Y cualquier tema que quieran tratar las familias<\/li><li>El formador es Enrique Belda trabajador de Emergencias.<\/li><\/ul>\n\n\n\n<p><\/p>\n","protected":false},"excerpt":{"rendered":"<p>Emergencias 112. Que es una RCP\u00a0 ( reanimaci\u00f3n cardio pulmonar) y practicas con el mu\u00f1eco. Se tratar\u00e1n temas tan importantes como el s\u00edncope, desmayos, convulsiones, maniobra [&hellip;]<\/p>\n","protected":false},"author":5,"featured_media":0,"parent":0,"menu_order":0,"comment_status":"closed","ping_status":"closed","template":"","meta":[],"yoast_head":"<!-- This site is optimized with the Yoast SEO plugin v19.2 - https:\/\/yoast.com\/wordpress\/plugins\/seo\/ -->\n<title>Primeros Auxilios | FAMPA Val\u00e8ncia<\/title>\n<meta name=\"robots\" content=\"index, follow, max-snippet:-1, max-image-preview:large, max-video-preview:-1\" \/>\n<link rel=\"canonical\" href=\"https:\/\/www.fampa-valencia.org\/es\/importancia-de-la-educacion-infantil\/\" \/>\n<meta property=\"og:locale\" content=\"es_ES\" \/>\n<meta property=\"og:type\" content=\"article\" \/>\n<meta property=\"og:title\" content=\"Primeros Auxilios | FAMPA Val\u00e8ncia\" \/>\n<meta property=\"og:description\" content=\"Emergencias 112. Que es una RCP\u00a0 ( reanimaci\u00f3n cardio pulmonar) y practicas con el mu\u00f1eco. Se tratar\u00e1n temas tan importantes como el s\u00edncope, desmayos, convulsiones, maniobra [&hellip;]\" \/>\n<meta property=\"og:url\" content=\"https:\/\/www.fampa-valencia.org\/es\/importancia-de-la-educacion-infantil\/\" \/>\n<meta property=\"og:site_name\" content=\"FAMPA Val\u00e8ncia\" \/>\n<meta property=\"article:publisher\" content=\"https:\/\/www.facebook.com\/fapa.valencia\/?fref=ts\" \/>\n<meta property=\"article:modified_time\" content=\"2025-12-02T10:13:12+00:00\" \/>\n<meta name=\"author\" content=\"FAMPA Val\u00e8ncia\" \/>\n<meta name=\"twitter:card\" content=\"summary\" \/>\n<meta name=\"twitter:site\" content=\"@FAPAValencia\" \/>\n<meta name=\"twitter:label1\" content=\"Tiempo de lectura\" \/>\n\t<meta name=\"twitter:data1\" content=\"1 minuto\" \/>\n<script type=\"application\/ld+json\" class=\"yoast-schema-graph\">{\"@context\":\"https:\/\/schema.org\",\"@graph\":[{\"@type\":\"WebSite\",\"@id\":\"https:\/\/www.fampa-valencia.org\/#website\",\"url\":\"https:\/\/www.fampa-valencia.org\/\",\"name\":\"FAMPA Val\u00e8ncia\",\"description\":\"Fampa-Valencia. Federaci\u00f3n de Asociaciones de Padres i Madres de Alumnos Provincia de Valencia\",\"potentialAction\":[{\"@type\":\"SearchAction\",\"target\":{\"@type\":\"EntryPoint\",\"urlTemplate\":\"https:\/\/www.fampa-valencia.org\/?s={search_term_string}\"},\"query-input\":\"required name=search_term_string\"}],\"inLanguage\":\"es\"},{\"@type\":\"WebPage\",\"@id\":\"https:\/\/www.fampa-valencia.org\/es\/importancia-de-la-educacion-infantil\/#webpage\",\"url\":\"https:\/\/www.fampa-valencia.org\/es\/importancia-de-la-educacion-infantil\/\",\"name\":\"Primeros Auxilios | FAMPA Val\u00e8ncia\",\"isPartOf\":{\"@id\":\"https:\/\/www.fampa-valencia.org\/#website\"},\"datePublished\":\"2022-10-03T10:02:50+00:00\",\"dateModified\":\"2025-12-02T10:13:12+00:00\",\"breadcrumb\":{\"@id\":\"https:\/\/www.fampa-valencia.org\/es\/importancia-de-la-educacion-infantil\/#breadcrumb\"},\"inLanguage\":\"es\",\"potentialAction\":[{\"@type\":\"ReadAction\",\"target\":[\"https:\/\/www.fampa-valencia.org\/es\/importancia-de-la-educacion-infantil\/\"]}]},{\"@type\":\"BreadcrumbList\",\"@id\":\"https:\/\/www.fampa-valencia.org\/es\/importancia-de-la-educacion-infantil\/#breadcrumb\",\"itemListElement\":[{\"@type\":\"ListItem\",\"position\":1,\"name\":\"Inici\",\"item\":\"https:\/\/www.fampa-valencia.org\/es\/\"},{\"@type\":\"ListItem\",\"position\":2,\"name\":\"Primeros Auxilios\"}]}]}<\/script>\n<!-- \/ Yoast SEO plugin. -->","yoast_head_json":{"title":"Primeros Auxilios | FAMPA Val\u00e8ncia","robots":{"index":"index","follow":"follow","max-snippet":"max-snippet:-1","max-image-preview":"max-image-preview:large","max-video-preview":"max-video-preview:-1"},"canonical":"https:\/\/www.fampa-valencia.org\/es\/importancia-de-la-educacion-infantil\/","og_locale":"es_ES","og_type":"article","og_title":"Primeros Auxilios | FAMPA Val\u00e8ncia","og_description":"Emergencias 112. Que es una RCP\u00a0 ( reanimaci\u00f3n cardio pulmonar) y practicas con el mu\u00f1eco. Se tratar\u00e1n temas tan importantes como el s\u00edncope, desmayos, convulsiones, maniobra [&hellip;]","og_url":"https:\/\/www.fampa-valencia.org\/es\/importancia-de-la-educacion-infantil\/","og_site_name":"FAMPA Val\u00e8ncia","article_publisher":"https:\/\/www.facebook.com\/fapa.valencia\/?fref=ts","article_modified_time":"2025-12-02T10:13:12+00:00","author":"FAMPA Val\u00e8ncia","twitter_card":"summary","twitter_site":"@FAPAValencia","twitter_misc":{"Tiempo de lectura":"1 minuto"},"schema":{"@context":"https:\/\/schema.org","@graph":[{"@type":"WebSite","@id":"https:\/\/www.fampa-valencia.org\/#website","url":"https:\/\/www.fampa-valencia.org\/","name":"FAMPA Val\u00e8ncia","description":"Fampa-Valencia. Federaci\u00f3n de Asociaciones de Padres i Madres de Alumnos Provincia de Valencia","potentialAction":[{"@type":"SearchAction","target":{"@type":"EntryPoint","urlTemplate":"https:\/\/www.fampa-valencia.org\/?s={search_term_string}"},"query-input":"required name=search_term_string"}],"inLanguage":"es"},{"@type":"WebPage","@id":"https:\/\/www.fampa-valencia.org\/es\/importancia-de-la-educacion-infantil\/#webpage","url":"https:\/\/www.fampa-valencia.org\/es\/importancia-de-la-educacion-infantil\/","name":"Primeros Auxilios | FAMPA Val\u00e8ncia","isPartOf":{"@id":"https:\/\/www.fampa-valencia.org\/#website"},"datePublished":"2022-10-03T10:02:50+00:00","dateModified":"2025-12-02T10:13:12+00:00","breadcrumb":{"@id":"https:\/\/www.fampa-valencia.org\/es\/importancia-de-la-educacion-infantil\/#breadcrumb"},"inLanguage":"es","potentialAction":[{"@type":"ReadAction","target":["https:\/\/www.fampa-valencia.org\/es\/importancia-de-la-educacion-infantil\/"]}]},{"@type":"BreadcrumbList","@id":"https:\/\/www.fampa-valencia.org\/es\/importancia-de-la-educacion-infantil\/#breadcrumb","itemListElement":[{"@type":"ListItem","position":1,"name":"Inici","item":"https:\/\/www.fampa-valencia.org\/es\/"},{"@type":"ListItem","position":2,"name":"Primeros Auxilios"}]}]}},"_links":{"self":[{"href":"https:\/\/www.fampa-valencia.org\/es\/wp-json\/wp\/v2\/pages\/10140"}],"collection":[{"href":"https:\/\/www.fampa-valencia.org\/es\/wp-json\/wp\/v2\/pages"}],"about":[{"href":"https:\/\/www.fampa-valencia.org\/es\/wp-json\/wp\/v2\/types\/page"}],"author":[{"embeddable":true,"href":"https:\/\/www.fampa-valencia.org\/es\/wp-json\/wp\/v2\/users\/5"}],"replies":[{"embeddable":true,"href":"https:\/\/www.fampa-valencia.org\/es\/wp-json\/wp\/v2\/comments?post=10140"}],"version-history":[{"count":4,"href":"https:\/\/www.fampa-valencia.org\/es\/wp-json\/wp\/v2\/pages\/10140\/revisions"}],"predecessor-version":[{"id":13258,"href":"https:\/\/www.fampa-valencia.org\/es\/wp-json\/wp\/v2\/pages\/10140\/revisions\/13258"}],"wp:attachment":[{"href":"https:\/\/www.fampa-valencia.org\/es\/wp-json\/wp\/v2\/media?parent=10140"}],"curies":[{"name":"wp","href":"https:\/\/api.w.org\/{rel}","templated":true}]}}