{"id":10172,"date":"2022-10-03T13:17:06","date_gmt":"2022-10-03T11:17:06","guid":{"rendered":"https:\/\/www.fampa-valencia.org\/?page_id=10172\/"},"modified":"2024-09-16T15:01:14","modified_gmt":"2024-09-16T13:01:14","slug":"dialogos-de-sexo-con-nuestros-hijos-as","status":"publish","type":"page","link":"https:\/\/www.fampa-valencia.org\/es\/dialogos-de-sexo-con-nuestros-hijos-as\/","title":{"rendered":"Di\u00e1logos de sexo con nuestros hijos\/as"},"content":{"rendered":"\n<p>Este taller est\u00e1 dise\u00f1ado para ayudar a las familias a hablar sobre sexualidades con sus hijos e hijas de manera abierta y respetuosa, siempre con un enfoque lleno de cuidado y ternura. Nos centraremos en c\u00f3mo mantener un di\u00e1logo continuo y adaptado a las edades de las criaturas, cubriendo temas importantes como los riesgos asociados al visionado de pornograf\u00eda, el consentimiento, la diversidad y el respeto mutuo. Exploraremos c\u00f3mo abordar estos temas de acuerdo con las diferentes etapas del desarrollo, ofreciendo herramientas pr\u00e1cticas y te\u00f3ricas, para ajustar las conversaciones a las necesidades y curiosidades de cada etapa. Adem\u00e1s, enfatizaremos la importancia de una supervisi\u00f3n cari\u00f1osa en las edades tempranas y proporcionaremos estrategias para superar tab\u00faes y manejar las dificultades que puedan surgir al tratar estos temas, con el objetivo de fomentar una comunicaci\u00f3n abierta y efectiva en el entorno familiar<\/p>\n","protected":false},"excerpt":{"rendered":"<p>Este taller est\u00e1 dise\u00f1ado para ayudar a las familias a hablar sobre sexualidades con sus hijos e hijas de manera abierta y respetuosa, siempre con un [&hellip;]<\/p>\n","protected":false},"author":5,"featured_media":0,"parent":0,"menu_order":0,"comment_status":"closed","ping_status":"closed","template":"","meta":[],"yoast_head":"<!-- This site is optimized with the Yoast SEO plugin v19.2 - https:\/\/yoast.com\/wordpress\/plugins\/seo\/ -->\n<title>Di\u00e1logos de sexo con nuestros hijos\/as | FAMPA Val\u00e8ncia<\/title>\n<meta name=\"robots\" content=\"index, follow, max-snippet:-1, max-image-preview:large, max-video-preview:-1\" \/>\n<link rel=\"canonical\" href=\"https:\/\/www.fampa-valencia.org\/es\/dialogos-de-sexo-con-nuestros-hijos-as\/\" \/>\n<meta property=\"og:locale\" content=\"es_ES\" \/>\n<meta property=\"og:type\" content=\"article\" \/>\n<meta property=\"og:title\" content=\"Di\u00e1logos de sexo con nuestros hijos\/as | FAMPA Val\u00e8ncia\" \/>\n<meta property=\"og:description\" content=\"Este taller est\u00e1 dise\u00f1ado para ayudar a las familias a hablar sobre sexualidades con sus hijos e hijas de manera abierta y respetuosa, siempre con un [&hellip;]\" \/>\n<meta property=\"og:url\" content=\"https:\/\/www.fampa-valencia.org\/es\/dialogos-de-sexo-con-nuestros-hijos-as\/\" \/>\n<meta property=\"og:site_name\" content=\"FAMPA Val\u00e8ncia\" \/>\n<meta property=\"article:publisher\" content=\"https:\/\/www.facebook.com\/fapa.valencia\/?fref=ts\" \/>\n<meta property=\"article:modified_time\" content=\"2024-09-16T13:01:14+00:00\" \/>\n<meta name=\"author\" content=\"FAMPA Val\u00e8ncia\" \/>\n<meta name=\"twitter:card\" content=\"summary\" \/>\n<meta name=\"twitter:site\" content=\"@FAPAValencia\" \/>\n<meta name=\"twitter:label1\" content=\"Tiempo de lectura\" \/>\n\t<meta name=\"twitter:data1\" content=\"1 minuto\" \/>\n<script type=\"application\/ld+json\" class=\"yoast-schema-graph\">{\"@context\":\"https:\/\/schema.org\",\"@graph\":[{\"@type\":\"WebSite\",\"@id\":\"https:\/\/www.fampa-valencia.org\/#website\",\"url\":\"https:\/\/www.fampa-valencia.org\/\",\"name\":\"FAMPA Val\u00e8ncia\",\"description\":\"Fampa-Valencia. Federaci\u00f3n de Asociaciones de Padres i Madres de Alumnos Provincia de Valencia\",\"potentialAction\":[{\"@type\":\"SearchAction\",\"target\":{\"@type\":\"EntryPoint\",\"urlTemplate\":\"https:\/\/www.fampa-valencia.org\/?s={search_term_string}\"},\"query-input\":\"required name=search_term_string\"}],\"inLanguage\":\"es\"},{\"@type\":\"WebPage\",\"@id\":\"https:\/\/www.fampa-valencia.org\/es\/dialogos-de-sexo-con-nuestros-hijos-as\/#webpage\",\"url\":\"https:\/\/www.fampa-valencia.org\/es\/dialogos-de-sexo-con-nuestros-hijos-as\/\",\"name\":\"Di\u00e1logos de sexo con nuestros hijos\/as | FAMPA Val\u00e8ncia\",\"isPartOf\":{\"@id\":\"https:\/\/www.fampa-valencia.org\/#website\"},\"datePublished\":\"2022-10-03T11:17:06+00:00\",\"dateModified\":\"2024-09-16T13:01:14+00:00\",\"breadcrumb\":{\"@id\":\"https:\/\/www.fampa-valencia.org\/es\/dialogos-de-sexo-con-nuestros-hijos-as\/#breadcrumb\"},\"inLanguage\":\"es\",\"potentialAction\":[{\"@type\":\"ReadAction\",\"target\":[\"https:\/\/www.fampa-valencia.org\/es\/dialogos-de-sexo-con-nuestros-hijos-as\/\"]}]},{\"@type\":\"BreadcrumbList\",\"@id\":\"https:\/\/www.fampa-valencia.org\/es\/dialogos-de-sexo-con-nuestros-hijos-as\/#breadcrumb\",\"itemListElement\":[{\"@type\":\"ListItem\",\"position\":1,\"name\":\"Inici\",\"item\":\"https:\/\/www.fampa-valencia.org\/es\/\"},{\"@type\":\"ListItem\",\"position\":2,\"name\":\"Di\u00e1logos de sexo con nuestros hijos\/as\"}]}]}<\/script>\n<!-- \/ Yoast SEO plugin. -->","yoast_head_json":{"title":"Di\u00e1logos de sexo con nuestros hijos\/as | FAMPA Val\u00e8ncia","robots":{"index":"index","follow":"follow","max-snippet":"max-snippet:-1","max-image-preview":"max-image-preview:large","max-video-preview":"max-video-preview:-1"},"canonical":"https:\/\/www.fampa-valencia.org\/es\/dialogos-de-sexo-con-nuestros-hijos-as\/","og_locale":"es_ES","og_type":"article","og_title":"Di\u00e1logos de sexo con nuestros hijos\/as | FAMPA Val\u00e8ncia","og_description":"Este taller est\u00e1 dise\u00f1ado para ayudar a las familias a hablar sobre sexualidades con sus hijos e hijas de manera abierta y respetuosa, siempre con un [&hellip;]","og_url":"https:\/\/www.fampa-valencia.org\/es\/dialogos-de-sexo-con-nuestros-hijos-as\/","og_site_name":"FAMPA Val\u00e8ncia","article_publisher":"https:\/\/www.facebook.com\/fapa.valencia\/?fref=ts","article_modified_time":"2024-09-16T13:01:14+00:00","author":"FAMPA Val\u00e8ncia","twitter_card":"summary","twitter_site":"@FAPAValencia","twitter_misc":{"Tiempo de lectura":"1 minuto"},"schema":{"@context":"https:\/\/schema.org","@graph":[{"@type":"WebSite","@id":"https:\/\/www.fampa-valencia.org\/#website","url":"https:\/\/www.fampa-valencia.org\/","name":"FAMPA Val\u00e8ncia","description":"Fampa-Valencia. Federaci\u00f3n de Asociaciones de Padres i Madres de Alumnos Provincia de Valencia","potentialAction":[{"@type":"SearchAction","target":{"@type":"EntryPoint","urlTemplate":"https:\/\/www.fampa-valencia.org\/?s={search_term_string}"},"query-input":"required name=search_term_string"}],"inLanguage":"es"},{"@type":"WebPage","@id":"https:\/\/www.fampa-valencia.org\/es\/dialogos-de-sexo-con-nuestros-hijos-as\/#webpage","url":"https:\/\/www.fampa-valencia.org\/es\/dialogos-de-sexo-con-nuestros-hijos-as\/","name":"Di\u00e1logos de sexo con nuestros hijos\/as | FAMPA Val\u00e8ncia","isPartOf":{"@id":"https:\/\/www.fampa-valencia.org\/#website"},"datePublished":"2022-10-03T11:17:06+00:00","dateModified":"2024-09-16T13:01:14+00:00","breadcrumb":{"@id":"https:\/\/www.fampa-valencia.org\/es\/dialogos-de-sexo-con-nuestros-hijos-as\/#breadcrumb"},"inLanguage":"es","potentialAction":[{"@type":"ReadAction","target":["https:\/\/www.fampa-valencia.org\/es\/dialogos-de-sexo-con-nuestros-hijos-as\/"]}]},{"@type":"BreadcrumbList","@id":"https:\/\/www.fampa-valencia.org\/es\/dialogos-de-sexo-con-nuestros-hijos-as\/#breadcrumb","itemListElement":[{"@type":"ListItem","position":1,"name":"Inici","item":"https:\/\/www.fampa-valencia.org\/es\/"},{"@type":"ListItem","position":2,"name":"Di\u00e1logos de sexo con nuestros hijos\/as"}]}]}},"_links":{"self":[{"href":"https:\/\/www.fampa-valencia.org\/es\/wp-json\/wp\/v2\/pages\/10172"}],"collection":[{"href":"https:\/\/www.fampa-valencia.org\/es\/wp-json\/wp\/v2\/pages"}],"about":[{"href":"https:\/\/www.fampa-valencia.org\/es\/wp-json\/wp\/v2\/types\/page"}],"author":[{"embeddable":true,"href":"https:\/\/www.fampa-valencia.org\/es\/wp-json\/wp\/v2\/users\/5"}],"replies":[{"embeddable":true,"href":"https:\/\/www.fampa-valencia.org\/es\/wp-json\/wp\/v2\/comments?post=10172"}],"version-history":[{"count":2,"href":"https:\/\/www.fampa-valencia.org\/es\/wp-json\/wp\/v2\/pages\/10172\/revisions"}],"predecessor-version":[{"id":12284,"href":"https:\/\/www.fampa-valencia.org\/es\/wp-json\/wp\/v2\/pages\/10172\/revisions\/12284"}],"wp:attachment":[{"href":"https:\/\/www.fampa-valencia.org\/es\/wp-json\/wp\/v2\/media?parent=10172"}],"curies":[{"name":"wp","href":"https:\/\/api.w.org\/{rel}","templated":true}]}}