{"id":10182,"date":"2022-10-03T13:23:05","date_gmt":"2022-10-03T11:23:05","guid":{"rendered":"https:\/\/www.fampa-valencia.org\/?page_id=10182\/"},"modified":"2024-09-16T15:05:06","modified_gmt":"2024-09-16T13:05:06","slug":"altas-capacidades","status":"publish","type":"page","link":"https:\/\/www.fampa-valencia.org\/es\/altas-capacidades\/","title":{"rendered":"Prevenci\u00f3n de adicciones a la pantalla, juegos de azar y cuidados digitales"},"content":{"rendered":"\n<p>Este taller aborda de manera integral los riesgos asociados al uso excesivo de pantallas, juegos de azar online y otros fen\u00f3menos digitales adictivos. Las familias aprender\u00e1n a reconocer se\u00f1ales tempranas de dependencia y los signos de ansiedad, depresi\u00f3n y otros problemas de salud mental relacionados con el uso excesivo de dispositivos electr\u00f3nicos. y c\u00f3mo implementar medidas preventivas que incluyan la creaci\u00f3n de h\u00e1bitos digitales saludables.<\/p>\n\n\n\n<p>Se trabajar\u00e1 desde una perspectiva de autocuidado, tanto a nivel individual como familiar, promoviendo pr\u00e1cticas que fortalezcan la capacidad de gestionar el tiempo online de forma equilibrada y responsable. El enfoque ser\u00e1 preventivo y muy pr\u00e1ctico, facilitando el entendimiento a las familias para construir un entorno digital seguro y consciente en los hogares.<\/p>\n","protected":false},"excerpt":{"rendered":"<p>Este taller aborda de manera integral los riesgos asociados al uso excesivo de pantallas, juegos de azar online y otros fen\u00f3menos digitales adictivos. Las familias aprender\u00e1n [&hellip;]<\/p>\n","protected":false},"author":5,"featured_media":0,"parent":0,"menu_order":0,"comment_status":"closed","ping_status":"closed","template":"","meta":[],"yoast_head":"<!-- This site is optimized with the Yoast SEO plugin v19.2 - https:\/\/yoast.com\/wordpress\/plugins\/seo\/ -->\n<title>Prevenci\u00f3n de adicciones a la pantalla, juegos de azar y cuidados digitales | FAMPA Val\u00e8ncia<\/title>\n<meta name=\"robots\" content=\"index, follow, max-snippet:-1, max-image-preview:large, max-video-preview:-1\" \/>\n<link rel=\"canonical\" href=\"https:\/\/www.fampa-valencia.org\/es\/altas-capacidades\/\" \/>\n<meta property=\"og:locale\" content=\"es_ES\" \/>\n<meta property=\"og:type\" content=\"article\" \/>\n<meta property=\"og:title\" content=\"Prevenci\u00f3n de adicciones a la pantalla, juegos de azar y cuidados digitales | FAMPA Val\u00e8ncia\" \/>\n<meta property=\"og:description\" content=\"Este taller aborda de manera integral los riesgos asociados al uso excesivo de pantallas, juegos de azar online y otros fen\u00f3menos digitales adictivos. Las familias aprender\u00e1n [&hellip;]\" \/>\n<meta property=\"og:url\" content=\"https:\/\/www.fampa-valencia.org\/es\/altas-capacidades\/\" \/>\n<meta property=\"og:site_name\" content=\"FAMPA Val\u00e8ncia\" \/>\n<meta property=\"article:publisher\" content=\"https:\/\/www.facebook.com\/fapa.valencia\/?fref=ts\" \/>\n<meta property=\"article:modified_time\" content=\"2024-09-16T13:05:06+00:00\" \/>\n<meta name=\"author\" content=\"FAMPA Val\u00e8ncia\" \/>\n<meta name=\"twitter:card\" content=\"summary\" \/>\n<meta name=\"twitter:site\" content=\"@FAPAValencia\" \/>\n<meta name=\"twitter:label1\" content=\"Tiempo de lectura\" \/>\n\t<meta name=\"twitter:data1\" content=\"1 minuto\" \/>\n<script type=\"application\/ld+json\" class=\"yoast-schema-graph\">{\"@context\":\"https:\/\/schema.org\",\"@graph\":[{\"@type\":\"WebSite\",\"@id\":\"https:\/\/www.fampa-valencia.org\/#website\",\"url\":\"https:\/\/www.fampa-valencia.org\/\",\"name\":\"FAMPA Val\u00e8ncia\",\"description\":\"Fampa-Valencia. Federaci\u00f3n de Asociaciones de Padres i Madres de Alumnos Provincia de Valencia\",\"potentialAction\":[{\"@type\":\"SearchAction\",\"target\":{\"@type\":\"EntryPoint\",\"urlTemplate\":\"https:\/\/www.fampa-valencia.org\/?s={search_term_string}\"},\"query-input\":\"required name=search_term_string\"}],\"inLanguage\":\"es\"},{\"@type\":\"WebPage\",\"@id\":\"https:\/\/www.fampa-valencia.org\/es\/altas-capacidades\/#webpage\",\"url\":\"https:\/\/www.fampa-valencia.org\/es\/altas-capacidades\/\",\"name\":\"Prevenci\u00f3n de adicciones a la pantalla, juegos de azar y cuidados digitales | FAMPA Val\u00e8ncia\",\"isPartOf\":{\"@id\":\"https:\/\/www.fampa-valencia.org\/#website\"},\"datePublished\":\"2022-10-03T11:23:05+00:00\",\"dateModified\":\"2024-09-16T13:05:06+00:00\",\"breadcrumb\":{\"@id\":\"https:\/\/www.fampa-valencia.org\/es\/altas-capacidades\/#breadcrumb\"},\"inLanguage\":\"es\",\"potentialAction\":[{\"@type\":\"ReadAction\",\"target\":[\"https:\/\/www.fampa-valencia.org\/es\/altas-capacidades\/\"]}]},{\"@type\":\"BreadcrumbList\",\"@id\":\"https:\/\/www.fampa-valencia.org\/es\/altas-capacidades\/#breadcrumb\",\"itemListElement\":[{\"@type\":\"ListItem\",\"position\":1,\"name\":\"Inici\",\"item\":\"https:\/\/www.fampa-valencia.org\/es\/\"},{\"@type\":\"ListItem\",\"position\":2,\"name\":\"Prevenci\u00f3n de adicciones a la pantalla, juegos de azar y cuidados digitales\"}]}]}<\/script>\n<!-- \/ Yoast SEO plugin. -->","yoast_head_json":{"title":"Prevenci\u00f3n de adicciones a la pantalla, juegos de azar y cuidados digitales | FAMPA Val\u00e8ncia","robots":{"index":"index","follow":"follow","max-snippet":"max-snippet:-1","max-image-preview":"max-image-preview:large","max-video-preview":"max-video-preview:-1"},"canonical":"https:\/\/www.fampa-valencia.org\/es\/altas-capacidades\/","og_locale":"es_ES","og_type":"article","og_title":"Prevenci\u00f3n de adicciones a la pantalla, juegos de azar y cuidados digitales | FAMPA Val\u00e8ncia","og_description":"Este taller aborda de manera integral los riesgos asociados al uso excesivo de pantallas, juegos de azar online y otros fen\u00f3menos digitales adictivos. Las familias aprender\u00e1n [&hellip;]","og_url":"https:\/\/www.fampa-valencia.org\/es\/altas-capacidades\/","og_site_name":"FAMPA Val\u00e8ncia","article_publisher":"https:\/\/www.facebook.com\/fapa.valencia\/?fref=ts","article_modified_time":"2024-09-16T13:05:06+00:00","author":"FAMPA Val\u00e8ncia","twitter_card":"summary","twitter_site":"@FAPAValencia","twitter_misc":{"Tiempo de lectura":"1 minuto"},"schema":{"@context":"https:\/\/schema.org","@graph":[{"@type":"WebSite","@id":"https:\/\/www.fampa-valencia.org\/#website","url":"https:\/\/www.fampa-valencia.org\/","name":"FAMPA Val\u00e8ncia","description":"Fampa-Valencia. Federaci\u00f3n de Asociaciones de Padres i Madres de Alumnos Provincia de Valencia","potentialAction":[{"@type":"SearchAction","target":{"@type":"EntryPoint","urlTemplate":"https:\/\/www.fampa-valencia.org\/?s={search_term_string}"},"query-input":"required name=search_term_string"}],"inLanguage":"es"},{"@type":"WebPage","@id":"https:\/\/www.fampa-valencia.org\/es\/altas-capacidades\/#webpage","url":"https:\/\/www.fampa-valencia.org\/es\/altas-capacidades\/","name":"Prevenci\u00f3n de adicciones a la pantalla, juegos de azar y cuidados digitales | FAMPA Val\u00e8ncia","isPartOf":{"@id":"https:\/\/www.fampa-valencia.org\/#website"},"datePublished":"2022-10-03T11:23:05+00:00","dateModified":"2024-09-16T13:05:06+00:00","breadcrumb":{"@id":"https:\/\/www.fampa-valencia.org\/es\/altas-capacidades\/#breadcrumb"},"inLanguage":"es","potentialAction":[{"@type":"ReadAction","target":["https:\/\/www.fampa-valencia.org\/es\/altas-capacidades\/"]}]},{"@type":"BreadcrumbList","@id":"https:\/\/www.fampa-valencia.org\/es\/altas-capacidades\/#breadcrumb","itemListElement":[{"@type":"ListItem","position":1,"name":"Inici","item":"https:\/\/www.fampa-valencia.org\/es\/"},{"@type":"ListItem","position":2,"name":"Prevenci\u00f3n de adicciones a la pantalla, juegos de azar y cuidados digitales"}]}]}},"_links":{"self":[{"href":"https:\/\/www.fampa-valencia.org\/es\/wp-json\/wp\/v2\/pages\/10182"}],"collection":[{"href":"https:\/\/www.fampa-valencia.org\/es\/wp-json\/wp\/v2\/pages"}],"about":[{"href":"https:\/\/www.fampa-valencia.org\/es\/wp-json\/wp\/v2\/types\/page"}],"author":[{"embeddable":true,"href":"https:\/\/www.fampa-valencia.org\/es\/wp-json\/wp\/v2\/users\/5"}],"replies":[{"embeddable":true,"href":"https:\/\/www.fampa-valencia.org\/es\/wp-json\/wp\/v2\/comments?post=10182"}],"version-history":[{"count":3,"href":"https:\/\/www.fampa-valencia.org\/es\/wp-json\/wp\/v2\/pages\/10182\/revisions"}],"predecessor-version":[{"id":12286,"href":"https:\/\/www.fampa-valencia.org\/es\/wp-json\/wp\/v2\/pages\/10182\/revisions\/12286"}],"wp:attachment":[{"href":"https:\/\/www.fampa-valencia.org\/es\/wp-json\/wp\/v2\/media?parent=10182"}],"curies":[{"name":"wp","href":"https:\/\/api.w.org\/{rel}","templated":true}]}}