{"id":3325,"date":"2016-01-22T17:46:33","date_gmt":"2016-01-22T17:46:33","guid":{"rendered":"http:\/\/gonzaloanaya.mindthebrand.com\/?page_id=3325"},"modified":"2016-11-27T00:36:45","modified_gmt":"2016-11-26T23:36:45","slug":"legislacion-al-dia","status":"publish","type":"page","link":"https:\/\/www.fampa-valencia.org\/es\/legislacion-al-dia\/","title":{"rendered":"Legislaci\u00f3n al d\u00eda"},"content":{"rendered":"","protected":false},"excerpt":{"rendered":"","protected":false},"author":5,"featured_media":3385,"parent":0,"menu_order":0,"comment_status":"closed","ping_status":"closed","template":"","meta":[],"yoast_head":"<!-- This site is optimized with the Yoast SEO plugin v19.2 - https:\/\/yoast.com\/wordpress\/plugins\/seo\/ -->\n<title>Legislaci\u00f3n al d\u00eda | FAMPA Val\u00e8ncia<\/title>\n<meta name=\"robots\" content=\"index, follow, max-snippet:-1, max-image-preview:large, max-video-preview:-1\" \/>\n<link rel=\"canonical\" href=\"https:\/\/www.fampa-valencia.org\/es\/legislacion-al-dia\/\" \/>\n<meta property=\"og:locale\" content=\"es_ES\" \/>\n<meta property=\"og:type\" content=\"article\" \/>\n<meta property=\"og:title\" content=\"Legislaci\u00f3n al d\u00eda | FAMPA Val\u00e8ncia\" \/>\n<meta property=\"og:url\" content=\"https:\/\/www.fampa-valencia.org\/es\/legislacion-al-dia\/\" \/>\n<meta property=\"og:site_name\" content=\"FAMPA Val\u00e8ncia\" \/>\n<meta property=\"article:publisher\" content=\"https:\/\/www.facebook.com\/fapa.valencia\/?fref=ts\" \/>\n<meta property=\"article:modified_time\" content=\"2016-11-26T23:36:45+00:00\" \/>\n<meta property=\"og:image\" content=\"https:\/\/www.fampa-valencia.org\/wp-content\/uploads\/2016\/01\/legislacio.jpg\" \/>\n\t<meta property=\"og:image:width\" content=\"1600\" \/>\n\t<meta property=\"og:image:height\" content=\"390\" \/>\n\t<meta property=\"og:image:type\" content=\"image\/jpeg\" \/>\n<meta name=\"author\" content=\"FAMPA Val\u00e8ncia\" \/>\n<meta name=\"twitter:card\" content=\"summary\" \/>\n<meta name=\"twitter:site\" content=\"@FAPAValencia\" \/>\n<script type=\"application\/ld+json\" class=\"yoast-schema-graph\">{\"@context\":\"https:\/\/schema.org\",\"@graph\":[{\"@type\":\"WebSite\",\"@id\":\"https:\/\/www.fampa-valencia.org\/#website\",\"url\":\"https:\/\/www.fampa-valencia.org\/\",\"name\":\"FAMPA Val\u00e8ncia\",\"description\":\"Fampa-Valencia. Federaci\u00f3n de Asociaciones de Padres i Madres de Alumnos Provincia de Valencia\",\"potentialAction\":[{\"@type\":\"SearchAction\",\"target\":{\"@type\":\"EntryPoint\",\"urlTemplate\":\"https:\/\/www.fampa-valencia.org\/?s={search_term_string}\"},\"query-input\":\"required name=search_term_string\"}],\"inLanguage\":\"es\"},{\"@type\":\"ImageObject\",\"inLanguage\":\"es\",\"@id\":\"https:\/\/www.fampa-valencia.org\/es\/legislacion-al-dia\/#primaryimage\",\"url\":\"https:\/\/www.fampa-valencia.org\/wp-content\/uploads\/2016\/01\/legislacio.jpg\",\"contentUrl\":\"https:\/\/www.fampa-valencia.org\/wp-content\/uploads\/2016\/01\/legislacio.jpg\",\"width\":1600,\"height\":390},{\"@type\":\"WebPage\",\"@id\":\"https:\/\/www.fampa-valencia.org\/es\/legislacion-al-dia\/#webpage\",\"url\":\"https:\/\/www.fampa-valencia.org\/es\/legislacion-al-dia\/\",\"name\":\"Legislaci\u00f3n al d\u00eda | FAMPA Val\u00e8ncia\",\"isPartOf\":{\"@id\":\"https:\/\/www.fampa-valencia.org\/#website\"},\"primaryImageOfPage\":{\"@id\":\"https:\/\/www.fampa-valencia.org\/es\/legislacion-al-dia\/#primaryimage\"},\"datePublished\":\"2016-01-22T17:46:33+00:00\",\"dateModified\":\"2016-11-26T23:36:45+00:00\",\"breadcrumb\":{\"@id\":\"https:\/\/www.fampa-valencia.org\/es\/legislacion-al-dia\/#breadcrumb\"},\"inLanguage\":\"es\",\"potentialAction\":[{\"@type\":\"ReadAction\",\"target\":[\"https:\/\/www.fampa-valencia.org\/es\/legislacion-al-dia\/\"]}]},{\"@type\":\"BreadcrumbList\",\"@id\":\"https:\/\/www.fampa-valencia.org\/es\/legislacion-al-dia\/#breadcrumb\",\"itemListElement\":[{\"@type\":\"ListItem\",\"position\":1,\"name\":\"Inici\",\"item\":\"https:\/\/www.fampa-valencia.org\/es\/\"},{\"@type\":\"ListItem\",\"position\":2,\"name\":\"Legislaci\u00f3n al d\u00eda\"}]}]}<\/script>\n<!-- \/ Yoast SEO plugin. -->","yoast_head_json":{"title":"Legislaci\u00f3n al d\u00eda | FAMPA Val\u00e8ncia","robots":{"index":"index","follow":"follow","max-snippet":"max-snippet:-1","max-image-preview":"max-image-preview:large","max-video-preview":"max-video-preview:-1"},"canonical":"https:\/\/www.fampa-valencia.org\/es\/legislacion-al-dia\/","og_locale":"es_ES","og_type":"article","og_title":"Legislaci\u00f3n al d\u00eda | FAMPA Val\u00e8ncia","og_url":"https:\/\/www.fampa-valencia.org\/es\/legislacion-al-dia\/","og_site_name":"FAMPA Val\u00e8ncia","article_publisher":"https:\/\/www.facebook.com\/fapa.valencia\/?fref=ts","article_modified_time":"2016-11-26T23:36:45+00:00","og_image":[{"width":1600,"height":390,"url":"https:\/\/www.fampa-valencia.org\/wp-content\/uploads\/2016\/01\/legislacio.jpg","type":"image\/jpeg"}],"author":"FAMPA Val\u00e8ncia","twitter_card":"summary","twitter_site":"@FAPAValencia","schema":{"@context":"https:\/\/schema.org","@graph":[{"@type":"WebSite","@id":"https:\/\/www.fampa-valencia.org\/#website","url":"https:\/\/www.fampa-valencia.org\/","name":"FAMPA Val\u00e8ncia","description":"Fampa-Valencia. Federaci\u00f3n de Asociaciones de Padres i Madres de Alumnos Provincia de Valencia","potentialAction":[{"@type":"SearchAction","target":{"@type":"EntryPoint","urlTemplate":"https:\/\/www.fampa-valencia.org\/?s={search_term_string}"},"query-input":"required name=search_term_string"}],"inLanguage":"es"},{"@type":"ImageObject","inLanguage":"es","@id":"https:\/\/www.fampa-valencia.org\/es\/legislacion-al-dia\/#primaryimage","url":"https:\/\/www.fampa-valencia.org\/wp-content\/uploads\/2016\/01\/legislacio.jpg","contentUrl":"https:\/\/www.fampa-valencia.org\/wp-content\/uploads\/2016\/01\/legislacio.jpg","width":1600,"height":390},{"@type":"WebPage","@id":"https:\/\/www.fampa-valencia.org\/es\/legislacion-al-dia\/#webpage","url":"https:\/\/www.fampa-valencia.org\/es\/legislacion-al-dia\/","name":"Legislaci\u00f3n al d\u00eda | FAMPA Val\u00e8ncia","isPartOf":{"@id":"https:\/\/www.fampa-valencia.org\/#website"},"primaryImageOfPage":{"@id":"https:\/\/www.fampa-valencia.org\/es\/legislacion-al-dia\/#primaryimage"},"datePublished":"2016-01-22T17:46:33+00:00","dateModified":"2016-11-26T23:36:45+00:00","breadcrumb":{"@id":"https:\/\/www.fampa-valencia.org\/es\/legislacion-al-dia\/#breadcrumb"},"inLanguage":"es","potentialAction":[{"@type":"ReadAction","target":["https:\/\/www.fampa-valencia.org\/es\/legislacion-al-dia\/"]}]},{"@type":"BreadcrumbList","@id":"https:\/\/www.fampa-valencia.org\/es\/legislacion-al-dia\/#breadcrumb","itemListElement":[{"@type":"ListItem","position":1,"name":"Inici","item":"https:\/\/www.fampa-valencia.org\/es\/"},{"@type":"ListItem","position":2,"name":"Legislaci\u00f3n al d\u00eda"}]}]}},"_links":{"self":[{"href":"https:\/\/www.fampa-valencia.org\/es\/wp-json\/wp\/v2\/pages\/3325"}],"collection":[{"href":"https:\/\/www.fampa-valencia.org\/es\/wp-json\/wp\/v2\/pages"}],"about":[{"href":"https:\/\/www.fampa-valencia.org\/es\/wp-json\/wp\/v2\/types\/page"}],"author":[{"embeddable":true,"href":"https:\/\/www.fampa-valencia.org\/es\/wp-json\/wp\/v2\/users\/5"}],"replies":[{"embeddable":true,"href":"https:\/\/www.fampa-valencia.org\/es\/wp-json\/wp\/v2\/comments?post=3325"}],"version-history":[{"count":5,"href":"https:\/\/www.fampa-valencia.org\/es\/wp-json\/wp\/v2\/pages\/3325\/revisions"}],"predecessor-version":[{"id":3423,"href":"https:\/\/www.fampa-valencia.org\/es\/wp-json\/wp\/v2\/pages\/3325\/revisions\/3423"}],"wp:featuredmedia":[{"embeddable":true,"href":"https:\/\/www.fampa-valencia.org\/es\/wp-json\/wp\/v2\/media\/3385"}],"wp:attachment":[{"href":"https:\/\/www.fampa-valencia.org\/es\/wp-json\/wp\/v2\/media?parent=3325"}],"curies":[{"name":"wp","href":"https:\/\/api.w.org\/{rel}","templated":true}]}}